{"id":218,"date":"2021-09-05T07:30:19","date_gmt":"2021-09-05T07:30:19","guid":{"rendered":"http:\/\/grandorient.world\/?page_id=218"},"modified":"2021-09-05T07:30:20","modified_gmt":"2021-09-05T07:30:20","slug":"il-codice-etico-del-grande-oriente-universale","status":"publish","type":"page","link":"http:\/\/grandoriente.eu\/?page_id=218","title":{"rendered":"Il Codice Etico del Grande Oriente Universale"},"content":{"rendered":"\n<p><br>Per volere Armonico ed unanime di tutti i Fratelli sedenti negli Organi di Governo dell\u2019Ordine, giusto delibera della Giunta Esecutiva Straordinaria del 14-10-2005 E.\u00b7. V.\u00b7., tenutasi in Roma Sede del Governo dell\u2019Ordine.<br><\/p>\n\n\n\n<p>il Serenissimo Gran Maestro .\u00b7. ha emesso Sommo Decreto Magistrale n\u00b0 127, con il quale si sancisce la operativit\u00e0 del Codice Etico, di seguito cos\u00ec formulato.<\/p>\n\n\n\n<p><br>Volont\u00e0 dei Fratelli riuniti in Assise Straordinaria \u00e8 quella di renderlo pubblico e visibile sulle pagine del sito internet della G.O.U. Il fine \u00e8 quello di condividere con quanti ne avranno piacere ed interesse le finalit\u00e0 ed il modus operandi della Nostra Comunione Massonica, che agendo per scopi Spirituali e mirando alla Palingenesi, forma i propri Fratelli nel solco della pi\u00f9 pura Tradizione Latomistica.<br>Non avendo pertanto nulla da occultare relativamente alle proprie finalit\u00e0 e scopi, si \u00e8 preso atto della indispensabile necessit\u00e0 di palesare queste finalit\u00e0 al fine di poter rendere edotto chiunque ne abbia interesse, come sancito espressamente nelle Costituzioni e Regolamenti del G.O.U degli Antichi Liberi Accettati Muratori Pubblicati in Roma Italia il 8 febbraio del 2002; principi Massonici in assoluto ossequio delle leggi della Repubblica Italiana e nel totale rispetto della Nostra Nazione, della Nostra Bandiera e dalle Tradizioni nazionali e nel rispetto di quelle internazionali<br>Il presente Codice Etico di \u00e8 stato sottoscritto da tutti i Fratelli attivi e quotizzanti presso la Nostra Obbedienza, ed avendo novellato il nostro corpus iuris , \u00e8 divenuto parte integrante della domanda di Ammissione che i Candidati sottoscrivono prima della richiesta di ingresso in seno all\u2019Ordine del G.O.U. .\u00b7.<br>Nulla comunque \u00e8 stato aggiunto nel presente Codice Etico, che non fosse gi\u00e0 parte integrante del bagaglio comportamentale da sempre nel DNA del G.O.U. Il presente atto vede solo la codifica di norme ininterrottamente condivise in seno alla Nostra Comunione.<\/p>\n\n\n\n<p><br>A) Ambito di applicazione del Codice Etico<br>Il presente Codice Etico, giusto Sommo Decreto Magistrale, diviene parte integrante delle Costituzioni e Regolamenti del GOU degli Antichi Liberi Accettati Muratori Pubblicati in Roma Italia il 14 ottobre del 2005, si rivolge e ne obbliga alla completa osservanza tutti i componenti dell\u2019Associazione non riconosciuta Grande Oriente Universale e di conseguenza di tutti i Fratelli Attivi e quotizzanti del GOU.\u00b7., di ogni Ordine e Grado.<\/p>\n\n\n\n<p><br>B) Rispetto di Leggi e Regolamenti<br>Il presente Codice Etico, ricalcando in toto gli assunti, il modus operandi e la filosofia del GOU, in verit\u00e0 nulla aggiunge a quanto da sempre sancito in ogni passo del Cammino Massonico, compiuto in seno alla Nostra Obbedienza, per\u00f2 ne ordina e definisce tutti gli aspetti in un corpus unicum .<br>Come Sancito nell&#8217;Oggetto delle Nostre Costituzioni e Regolamenti del GOU degli Antichi Liberi Accettati Muratori Pubblicati in Roma Italia il 14 ottobre del 2005 all\u2019Art 2:<br>La Gran Loggia ha lo scopo di promuovere principalmente la ricerca interiore umana e spirituale, oltre a ricerche e studi storici, scientifici, economici, architettonici; ricerche cavalleresche, araldiche e di contribuire alla loro diffusione e conoscenza. Promuove, altres\u00ec, attivit\u00e0 filantropiche, di aiuto morale e pratico, e persegue gli ideali di Libert\u00e0, Uguaglianza e Fratellanza. In tale contesto potr\u00e0 avvalersi di tutti quei soggetti pubblici e\/o privati, di associazioni nazionali ed internazionali, che si dichiarino e siano disponibili in un qualunque campo del sociale, ad appoggiare e promuover tali Leggi Universali.<br>Seguendo la pi\u00f9 pura Tradizione Liberomuratoria, sussiste ab origine il divieto di parlare durante i Lavori Rituali, di Politica e di Religione, pertanto non possono essere toccati argomenti che in alcun modo possano andare contro le Istituzioni ed il Paese.<br>Avendo il percorso massonico del GOU, come finalit\u00e0 precipua la ricerca interiore per una crescita umana e spirituale, non si svolgono n\u00e9 si possono svolgere all\u2019interno delle Tornate Rituali, Assemblee e Riunioni attivit\u00e0 diverse da queste finalit\u00e0 e pertanto non essendoci coinvolgimenti di natura profana e quindi inerenti interessi economici e patrimoniali non vi \u00e8 e non vi deve essere possibilit\u00e0 di toccare tematiche, da sempre foriere di interessi particolari, che con la via Latomistica non possono e non devono avere commistione.<br>A nessun Fratello (ad eccezione del GRAN MAESTRO CHE \u00c8 IL RAPPRESENTANTE LEGALE DEL \u201cGRANDE ORIENTE UNIVERSALE\u201d, DOTATO DELLA RAPPRESENTANZA SOSTANZIALE E PROCESSUALE ATTIVA E PASSIVA AD OGNI EFFETTO DI LEGGE E DEI POTERI DI FIRMA), \u00e8 consentito porre in essere attivit\u00e0 in nome e per conto del GOU, ogni iniziativa personale ricade come giuridicamente sancito dalle vigenti norme Italiane, esclusivamente nella propria sfera di responsabilit\u00e0 personale e pertanto non pu\u00f2 e non deve coinvolgere giammai l\u2019Istituzione.<br>Ogni Massone, iscritto al \u201cGRANDE ORIENTE UNIVERSALE\u201d, prima di potervi accedere deposita la propria documentazione completa dei dati personali e dettagliato CV professionale. Da sempre \u00e8 assolutamente indispensabile consegnare in originale l\u2019estratto del Casellario Giudiziario e del Certificato dei Carichi pendenti prodotto da non oltre tre mesi, e sottoscrivere garantendo sul proprio onore, di non avere in corso procedimenti penali , di non aver ricevuto avvisi di garanzia e di non essere stato convocato dalle Autorit\u00e0 come persona informata dei fatti . Ci\u00f2 si riferisce indifferentemente ad ipotesi di reato per delitti dolosi e colposi. Il Candidato, deve altres\u00ec sottoscrivere e garantire sul suo onore, di non avere commesso reati aggravati dalla contestazione da parte del Magistrato dell\u2019 associazione per delinquere.<br>Ogni Massone, iscritto al \u201cGRANDE ORIENTE UNIVERSALE\u201d, prima di potervi accedere, legge e sottoscrive i principi generali che Governano l\u2019Ordine, contenuti nelle Costituzioni e Regolamenti del GOU degli Antichi Liberi Accettati Muratori Pubblicati in Roma Italia il 14 ottobre del 2005 all\u2019Art 1:<br>La Libera Muratoria cerca di esaltare i suoi principi cos\u00ec largamente, che essi possano essere ascoltati da tutti gli uomini. I suoi unici segreti risiedono nei metodi di riconoscimento e nelle Istruzioni Simboliche.<br>La Libera Muratoria \u00e8 benefica in ci\u00f2 che organizza. Nessuna delle entrate \u00e8 finalizzata a trarre vantaggio per il singolo, ma tutto \u00e8 rivolto alla promozione del benessere del genere umano.<br>E\u2019 benevola in ci\u00f2 che insegna ed incarna l\u2019altruismo come un dovere.<br>E\u2019 educativa in ci\u00f2 che insegna attraverso l&#8217;applicazione dei Cerimoniali; un sistema di moralit\u00e0 e di Fratellanza basato sulla Legge Sacra.<br>Un Volume della Legge Sacra viene aperto sui suoi altari ogni qualvolta la Loggia \u00e8 in sessione, ma, la Libera Muratoria, non \u00e8 n\u00e9 settaria n\u00e9 teologica.<br>Essa \u00e8 una organizzazione sociale nella misura in cui riesca a stimolare le coscienze a ch\u00e9 gli uomini possano adunarsi per fraternizzare, condividere percorsi spirituali, educativi e filantropici.<br>Attraverso il perfezionamento ed il rafforzamento del carattere del singolo individuo, la Massoneria cerca di migliorare la comunit\u00e0. Di conseguenza la Libera Muratoria d\u00e0 un\u2019impronta, ai suoi membri, di aderenza ai principi morali e di responsabilit\u00e0 personale, li illumina sul da farsi per il benessere degli esseri umani, e gli dona l\u2019ispirazione per quel sentimento di carit\u00e0 e di bont\u00e0 verso tutto il genere umano. Questo li porter\u00e0 a trasformare il principio e la convinzione in azione.<br>Essa sostiene la Fraternit\u00e0 e la filantropia, verit\u00e0 e giustizia, il rispetto della Legge Sacra e l\u2019Illuminazione in tutte le sfere, spirituali, civili, religiose ed intellettuali. Essa pretende che tutti i suoi membri siano rispettosi della Costituzione e delle Leggi della Repubblica, leali verso il Governo in carica del paese e obbedienti alle leggi di qualunque Paese in cui essi si trovino.<br>Credendo in questi principi, questa Gran Loggia, fedele all&#8217;antica e riconosciuta regola della Libera Muratoria, proibisce nel corso delle Tornate la discussione su argomenti di politica e di religione. Inoltre Essa afferma la propria netta contrariet\u00e0 ad azioni tese ad esercitare pressioni o influenze su uomini delle Istituzioni, che siano oppure no Fratelli.<br>Ogni vero Massone, agir\u00e0 nella vita civile conformemente al personale giudizio ed ai dettami della sua coscienza.<br>Ogni singolo Massone della Gran Loggia , pertanto conosce da subito la finalit\u00e0 di crescita personale e spirituale, che la Gran Loggia  si prefigge di portare a compimento. Comprende, perci\u00f2 che accedendovi rinuncia a priori a porre in essere atteggiamenti, che anche solo parzialmente, potrebbero essere contrari al Modus Vivendi della Comunione.<br>Si impegna anche a non porre in essere azioni, comportamenti ed attivit\u00e0, sia in seno alla Comunione, che nel profano, che possano gettare disdoro su se stesso, sulla propria famiglia e sulla Gran Loggia.<br>Si impegna solennemente a quanto espressamente richiesto durante la Cerimonia di Iniziazione:<br>\u201cPROMETTO E GIURO di mantenermi e conservarmi sempre onesto, solerte e benemerito cittadino, ossequiente alle Leggi dello Stato, amico, membro della mia famiglia e Massone per abbattere il vizio e propugnare le virt\u00f9\u201d<br>In conformit\u00e0 a quanto previsto nelle Nostre Costituzioni e Regolamenti, e come anche atteso dalle norme attuative dello stesso, i Fratelli debbono possedere inequivocabilmente rigorosi requisiti di probit\u00e0, correttezza ed onest\u00e0 morale, materiale ed intellettuale: requisiti che essi dovranno mantenere durante tutta la loro permanenza all\u2019interno della Gran Loggia .\u00b7.<br>Tali requisiti si intenderanno assolutamente confacenti a quanto sancito, nella misura in cui ricorrano le seguenti condizioni:<\/p>\n\n\n\n<p>coloro che chiedano l\u2019ammissione alla Gran Loggia ovvero che ne facciano parte non devono aver riportato, tanto in Italia quanto all\u2019Estero, sentenze di condanna passate in giudicato con una pena detentiva definitiva (anche non risultante dai documenti tratti dal Casellario). Nei casi non auspicabili in cui vi fossero a carico di Fratelli attivi o Candidati Aspiranti, decreti penali di condanna non passati in giudicato, sentenze di condanna ad una pena sostitutiva, condanna a lavori di pubblica utilit\u00e0, sentenze di messa alla prova superate positivamente, verr\u00e0 rimandata la decisione insindacabile al Governo dell\u2019Ordine che, ricevuto idonea dichiarazione spontanea e veritiera dall\u2019interessato attestante in modo inequivocabile il possesso dei requisiti necessari ad aderire\/permanere nell\u2019Associazione, corredata dall\u2019estratto del Casellario Giudiziario e dal Certificato dei Carichi pendenti non pi\u00f9 vecchio di tre mesi dalla data di esibizione degli stessi, decider\u00e0 insindacabilmente secondo scienza e coscienza, nell\u2019interesse della Gran Loggia in particolare e della Massoneria Universale in Generale.<br>stesso concetto varr\u00e0 nel caso di sentenza di condanna a una pena condizionalmente sospesa, ove pertanto sar\u00e0 ugualmente in facolt\u00e0 degli Organi del Governo dell\u2019Ordine, valutare l\u2019ammissione ovvero la permanenza del soggetto interessato, avuto riguardo ai criteri di gravit\u00e0 del reato per cui \u00e8 intervenuta condanna, tenuto conto di quanto stabilito dall\u2019ordinamento penale, della natura del reato oggetto di condanna, del tempo trascorso dalla commissione del fatto oggetto di condanna.<br>La medesima linea verr\u00e0 tenuta in caso di avvenuta grazia, indulto, condono, amnistia, riabilitazione, conversione della pena e perdono , ove sar\u00e0 in facolt\u00e0 del Governo dell\u2019Ordine, valutare l\u2019ammissione ovvero la permanenza del soggetto interessato, di norma a condizione che il provvedimento si riferisca ad una sola ed unica sentenza di condanna in danno del soggetto interessato dal provvedimento.<\/p>\n\n\n\n<p> Il Presente Codice Etico     coerentemente con quanto espresso nelle Premesse delle Nostre Costituzioni e Regolamenti del GOU degli Antichi Liberi Accettati Muratori Pubblicati in Roma Italia il 14 ottobre del 2005 all\u2019Art 1:  <\/p>\n\n\n\n<p>Sancisce il Ripudio di ogni discriminazione o forma di violenza, poich\u00e9 \u00e8 una Fratellanza libera costituita dall\u2019unione di persone le cui attivit\u00e0 in seno al GOU si svolgono, come \u00e8 logico che sia senza discriminazioni di nazionalit\u00e0, di religione, di sesso, di etnia, di genere, di opinioni politiche, di condizioni personali e sociali. IL GOU, in virt\u00f9 dei propri principi Massonici, ripudia il ricorso ad ogni forma di coercizione, ovvero di violenza tanto fisica che mentale, tanto nella vita profana, sociale, tanto all\u2019interno che all\u2019esterno del GOU. Ossequioso del concetto di Fratellanza, opera essa stessa per la Pace attraverso l\u2019esercizio della Tolleranza e dell\u2019Amore fraternamente espresso.<br>Il GOU essendo formato da cittadini \u00e8 consequenzialmente lieto di poter intrattenere rapporti con la PA, gli Enti Pubblici, le Autorit\u00e0 preposte alla Vigilanza ed al Controllo dell\u2019Ordine Pubblico, alla prevenzione e repressione dei reati nonch\u00e9 gli organismi pubblici in genere, nell\u2019assoluta trasparenza, vedendo come \u00e8 giusto che sia lo Stato e le Autorit\u00e0 competenti, come propri rappresentanti.<br>Gli elenchi di tutti i Fratelli Iniziati in seno al GOU, sono a disposizione dell\u2019Autorit\u00e0 deputata alla Pubblica Sicurezza Nazionale a seguito di richiesta espressa e motivata da parte dell\u2019Autorit\u00e0 Giudiziaria o ente ad essa similare, pur nel rispetto delle vigenti norme sulla Privacy.<br>In caso di violazione del presente Codice Etico, verranno comminate le idonee sanzioni interne cos\u00ec come idoneamente previsto nelle Nostre Costituzioni e Regolamenti del GOU degli Antichi Liberi Accettati Muratori Pubblicati in Roma Italia il 14 ottobre del 2005.<br>Copyright \u00a9  GRANDE ORIENTE UNIVERSALE Tutti i diritti riservati.<\/p>\n","protected":false},"excerpt":{"rendered":"<p>Per volere Armonico ed unanime di tutti i Fratelli sedenti negli Organi di Governo dell\u2019Ordine, giusto delibera della Giunta Esecutiva Straordinaria del 14-10-2005 E.\u00b7. V.\u00b7., tenutasi in Roma Sede del Governo dell\u2019Ordine. il Serenissimo Gran Maestro .\u00b7. ha emesso Sommo Decreto Magistrale n\u00b0 127, con il quale si sancisce la operativit\u00e0 del Codice Etico, di [&hellip;]<\/p>\n","protected":false},"author":1,"featured_media":0,"parent":0,"menu_order":0,"comment_status":"closed","ping_status":"closed","template":"","meta":{"_joinchat":[],"footnotes":""},"class_list":["post-218","page","type-page","status-publish","hentry"],"_links":{"self":[{"href":"http:\/\/grandoriente.eu\/index.php?rest_route=\/wp\/v2\/pages\/218","targetHints":{"allow":["GET"]}}],"collection":[{"href":"http:\/\/grandoriente.eu\/index.php?rest_route=\/wp\/v2\/pages"}],"about":[{"href":"http:\/\/grandoriente.eu\/index.php?rest_route=\/wp\/v2\/types\/page"}],"author":[{"embeddable":true,"href":"http:\/\/grandoriente.eu\/index.php?rest_route=\/wp\/v2\/users\/1"}],"replies":[{"embeddable":true,"href":"http:\/\/grandoriente.eu\/index.php?rest_route=%2Fwp%2Fv2%2Fcomments&post=218"}],"version-history":[{"count":1,"href":"http:\/\/grandoriente.eu\/index.php?rest_route=\/wp\/v2\/pages\/218\/revisions"}],"predecessor-version":[{"id":219,"href":"http:\/\/grandoriente.eu\/index.php?rest_route=\/wp\/v2\/pages\/218\/revisions\/219"}],"wp:attachment":[{"href":"http:\/\/grandoriente.eu\/index.php?rest_route=%2Fwp%2Fv2%2Fmedia&parent=218"}],"curies":[{"name":"wp","href":"https:\/\/api.w.org\/{rel}","templated":true}]}}